{"id":570,"date":"2022-11-07T14:00:32","date_gmt":"2022-11-07T19:00:32","guid":{"rendered":"https:\/\/www.consultationj.com\/home\/"},"modified":"2025-01-16T09:05:05","modified_gmt":"2025-01-16T14:05:05","slug":"home","status":"publish","type":"page","link":"https:\/\/www.consultationj.com\/fr\/","title":{"rendered":"Consultation J"},"content":{"rendered":"\n<section class=\"row verticalPadding blockStyle fontDefault bkgWhite\" id=\"anchor-services\">\n    <div class=\"inner-container\">\n    <div class=\"jlm-block-cards column-center\" id=\"jlm-block_0297040d90648993fcdc2056b6cb135c\">\n      <div class=\"block-ext-wrapper\">\n      <h1 class=\"section-title\">Services<\/h1>\n  \n      <div class=\"block-group row-wrap nowrap pb-block\">\n              <header class=\"\">\n          <h2>Laissez-nous faire ce que nous faisons de mieux, afin que vous puissiez faire ce que vous faites de mieux!<\/h2>\n        <\/header>\n      \n              <div class=\"block-description\">\n          \n                      <div class=\"acf-wysiwyg\">\n              <p>En tant que leader visionnaire, vous comprenez le pouvoir du marketing num\u00e9rique et de l&rsquo;automatisation de l&rsquo;IA pour stimuler le succ\u00e8s des entreprises. Notre \u00e9quipe d&rsquo;experts peut aider \u00e0 lib\u00e9rer tout le potentiel de votre marque et \u00e0 r\u00e9aliser une croissance exponentielle. De l&rsquo;am\u00e9lioration de votre pr\u00e9sence en ligne \u00e0 l&rsquo;augmentation de vos revenus, nos strat\u00e9gies \u00e9prouv\u00e9es vous permettront de garder une longueur d&rsquo;avance sur la concurrence. Laissez-nous vous aider \u00e0 ouvrir la voie et \u00e0 \u00e9lever votre entreprise vers de nouveaux sommets.<\/p>\n            <\/div>\n          \n                      <div class=\"cta\">\n              <a href=\"https:\/\/www.consultationj.com\/fr\/#anchor-contact\" class=\"margin-center\" >Contactez-Nous<\/a>\n            <\/div>\n          \n        <\/div>\n          <\/div>\n  <\/div>      \n      <div class=\"block-cards row-wrap\">\n                  <div class=\"card row-space-small\">\n\n                          <div class=\"card-image img-container\">\n                <img decoding=\"async\" src=\"https:\/\/www.consultationj.com\/wp-content\/uploads\/2023\/01\/icon_1.png\" alt=\"Analyse d&#039;entreprise de haut niveau\">\n              <\/div>\n            \n            <h3 class=\"card-title\">Analyse d&rsquo;entreprise de haut niveau<\/h3>\n\n                          <div class=\"description\"><p>Chez Consultation J, nous ne travaillons pas seulement pour vous, nous travaillons avec vous. Nous comprenons l&rsquo;importance de maximiser votre productivit\u00e9 et votre rentabilit\u00e9, c&rsquo;est pourquoi nous adoptons une approche globale pour analyser vos processus d&rsquo;affaires, vos op\u00e9rations et votre technologie. Notre \u00e9quipe d&rsquo;experts vous fournira des solutions personnalis\u00e9es faciles \u00e0 mettre en \u0153uvre et qui vous aideront \u00e0 atteindre vos objectifs. Laissez-nous \u00eatre votre partenaire dans la r\u00e9ussite.<\/p>\n<\/div>\n            \n            \n            <div class=\"spacer\"><\/div>\n          <\/div>\n                  <div class=\"card row-space-small\">\n\n                          <div class=\"card-image img-container\">\n                <img decoding=\"async\" src=\"https:\/\/www.consultationj.com\/wp-content\/uploads\/2023\/01\/icon_2.png\" alt=\"Recrutement et coaching de qualit\u00e9\">\n              <\/div>\n            \n            <h3 class=\"card-title\">Recrutement et coaching de qualit\u00e9<\/h3>\n\n                          <div class=\"description\"><p>Dans notre entreprise, nous comprenons que votre \u00e9quipe est la colonne vert\u00e9brale de votre r\u00e9ussite. C&rsquo;est pourquoi nous adoptons une approche minutieuse pour le recrutement et le coaching, afin de vous assurer d&rsquo;obtenir les meilleurs talents et l&rsquo;\u00e9quipe la plus efficace possible. Notre \u00e9quipe d&rsquo;experts sait comment identifier les bons candidats pour vos besoins et travaillera avec vous pour cr\u00e9er une strat\u00e9gie de recrutement qui correspond \u00e0 vos objectifs commerciaux. Et une fois que votre \u00e9quipe est en place, nous fournissons un coaching et un soutien continus pour les aider \u00e0 atteindre leur plein potentiel et stimuler votre entreprise. Laissez-nous vous aider \u00e0 ouvrir la voie et \u00e0 mener votre entreprise \u00e0 des niveaux de succ\u00e8s sans pr\u00e9c\u00e9dent.<\/p>\n<\/div>\n            \n            \n            <div class=\"spacer\"><\/div>\n          <\/div>\n                  <div class=\"card row-space-small\">\n\n                          <div class=\"card-image img-container\">\n                <img decoding=\"async\" src=\"https:\/\/www.consultationj.com\/wp-content\/uploads\/2023\/01\/icon_3.png\" alt=\"Des solutions web de classe mondiale\">\n              <\/div>\n            \n            <h3 class=\"card-title\">Des solutions web de classe mondiale<\/h3>\n\n                          <div class=\"description\"><p>En tant que personne ax\u00e9e sur le succ\u00e8s des affaires, vous comprenez l&rsquo;impact du marketing num\u00e9rique et de l&rsquo;automatisation de l&rsquo;IA. Notre \u00e9quipe d&rsquo;experts peut aider \u00e0 lib\u00e9rer tout le potentiel de votre marque et \u00e0 r\u00e9aliser une croissance exponentielle. Gr\u00e2ce \u00e0 notre expertise des derni\u00e8res tendances num\u00e9riques et de strat\u00e9gies \u00e9prouv\u00e9es, nous am\u00e9liorerons votre pr\u00e9sence en ligne, augmenterons vos revenus et simplifierons vos op\u00e9rations. L&rsquo;automatisation de l&rsquo;IA optimisera vos processus, personnalisera l&rsquo;exp\u00e9rience client et permettra des d\u00e9cisions bas\u00e9es sur les donn\u00e9es \u00e0 grande \u00e9chelle. Laissez-nous collaborer avec vous pour amener votre entreprise vers des r\u00e9ussites in\u00e9gal\u00e9es.<\/p>\n<\/div>\n            \n            \n            <div class=\"spacer\"><\/div>\n          <\/div>\n              <\/div>\n    <\/div>\n  <\/div>\n<\/section>\n\n\n\n\n<section class=\"row verticalPadding blockStyle fontLight bkgDefault has-background-img\" >\n      <div class=\"img-background\">\n      <div class=\"opacity\"><\/div>\n      <img decoding=\"async\" src=\"https:\/\/www.consultationj.com\/wp-content\/uploads\/2023\/01\/Bitmap.png\" \/>\n    <\/div>\n    <div class=\"inner-container\">\n    <div class=\"jlm-block-texts column-center mtop mbottom\" id=\"jlm-block_1be8593ffd5fb9a7c8785481262109c4\">\n      \n            \n              <div class=\"block-texts column-center half-width row-space-small\">\n                      <div class=\"text column-center row-space-small\">\n                              <h3 class=\"title-h1\">L&rsquo;innovation par la connexion.<\/h3>\n                            \n              <div class=\"acf-wysiwyg\">\n                <p><span style=\"font-weight: 400;\">Dans un monde num\u00e9rique, des connexions solides et l&rsquo;innovation sont essentielles pour le succ\u00e8s des entreprises. En tirant parti des derni\u00e8res technologies, nous approfondissons les connexions avec les clients, les partenaires et les employ\u00e9s. Gr\u00e2ce \u00e0 une exploration constante et en repoussant les limites, des solutions innovantes \u00e9mergent. En tant qu&rsquo;entreprise tourn\u00e9e vers l&rsquo;avenir, nous utilisons des outils num\u00e9riques pour innover gr\u00e2ce \u00e0 la connexion et rester en t\u00eate dans un paysage en constante \u00e9volution.<\/span><\/p>\n              <\/div>\n\n                              <div class=\"cta\">\n                  <a href=\"https:\/\/www.consultationj.com\/fr\/#anchor-contact\" class=\"margin-center\" >Contactez-Nous<\/a>\n                <\/div>\n                          <\/div>\n                  <\/div>\n      \n    <\/div>\n  <\/div>\n<\/section>\n\n\n\n<section class=\"row verticalPadding blockStyle fontDefault bkgBrand\" id=\"anchor-contact\">\n    <div class=\"inner-container\">\n    <div class=\"jlm-block-form column-center\" id=\"jlm-block_de7398653aec096708a4d0d5b6503850\">\n      \n      \n      \n      <div class=\"row-wrap nowrap max-cols-2\">\n                  <div class=\"column-left\">\n                        \n            <h3 class=\"title\">Pr\u00eat pour le succ\u00e8s ?<\/h3>\n            <div class=\"acf-wysiwyg\">\n              <p>En tant que visionnaire, vous comprenez la valeur de stimuler la croissance par le biais des canaux en ligne et le pouvoir de l&rsquo;automatisation de l&rsquo;IA. Forts de plus de 20 ans d&rsquo;exp\u00e9rience en affaires et d&rsquo;une compr\u00e9hension approfondie de l&rsquo;industrie Internet, notre \u00e9quipe d&rsquo;experts en marketing num\u00e9rique et en automatisation de l&rsquo;IA peut vous aider \u00e0 atteindre vos objectifs. Nous nous sp\u00e9cialisons dans l&rsquo;optimisation du trafic Web, l&rsquo;augmentation des ventes et le renforcement du retour sur investissement. Notre \u00e9quipe de conception cr\u00e9era un site Web visuellement impressionnant qui mettra en valeur votre marque, tandis que nous r\u00e9digerons un contenu captivant qui captera l&rsquo;attention et r\u00e9sonnera avec votre audience. L&rsquo;automatisation de l&rsquo;IA permettra \u00e9galement de rationaliser les processus, d&rsquo;am\u00e9liorer l&rsquo;efficacit\u00e9 et de personnaliser les exp\u00e9riences \u00e0 grande \u00e9chelle.<\/p>\n<p>Pour r\u00e9ussir v\u00e9ritablement dans le monde des affaires d&rsquo;aujourd&rsquo;hui, il ne suffit pas de g\u00e9rer votre entreprise \u2013 vous devez en \u00eatre le moteur, constamment en train de tisser des liens solides et de repousser les limites de l&rsquo;innovation. Diriger avec un accent sur la connexion et l&rsquo;automatisation, c&rsquo;est l\u00e0 que la v\u00e9ritable magie op\u00e8re \u2013 l\u00e0 o\u00f9 de nouvelles id\u00e9es naissent, o\u00f9 les d\u00e9fis sont relev\u00e9s de front et o\u00f9 des solutions innovantes \u00e9mergent. En tant que catalyseur, vous avez le pouvoir de tirer parti de l&rsquo;\u00e9nergie de l&rsquo;innovation et de l&rsquo;IA pour propulser votre entreprise vers de nouveaux sommets et vous d\u00e9marquer de la concurrence.<\/p>\n            <\/div>\n\n                        \n          <\/div>\n        \n                  <div class=\"form-wrapper\">\n            \n<div class=\"wpcf7 no-js\" id=\"wpcf7-f277-o1\" lang=\"en-US\" dir=\"ltr\">\n<div class=\"screen-reader-response\"><p role=\"status\" aria-live=\"polite\" aria-atomic=\"true\"><\/p> <ul><\/ul><\/div>\n<form action=\"\/fr\/wp-json\/wp\/v2\/pages\/570#wpcf7-f277-o1\" method=\"post\" class=\"wpcf7-form init\" aria-label=\"Contact form\" novalidate=\"novalidate\" data-status=\"init\">\n<div style=\"display: none;\">\n<input type=\"hidden\" name=\"_wpcf7\" value=\"277\" \/>\n<input type=\"hidden\" name=\"_wpcf7_version\" value=\"5.7.3\" \/>\n<input type=\"hidden\" name=\"_wpcf7_locale\" value=\"en_US\" \/>\n<input type=\"hidden\" name=\"_wpcf7_unit_tag\" value=\"wpcf7-f277-o1\" \/>\n<input type=\"hidden\" name=\"_wpcf7_container_post\" value=\"0\" \/>\n<input type=\"hidden\" name=\"_wpcf7_posted_data_hash\" value=\"\" \/>\n<input type=\"hidden\" name=\"_wpcf7_recaptcha_response\" value=\"\" \/>\n<\/div>\n<div class=\"title\">\n\t<p>Commen\u00e7ons\n\t<\/p>\n<\/div>\n<div class=\"required\">\n\t<div class=\"label visually-hidden\">\n\t\t<p><label for=\"cf_name_277\">Nom *<\/label>\n\t\t<\/p>\n\t<\/div>\n\t<div class=\"field\">\n\t\t<p><span class=\"wpcf7-form-control-wrap\" data-name=\"cf_name\"><input size=\"40\" class=\"wpcf7-form-control wpcf7-text wpcf7-validates-as-required\" id=\"cf_name_277\" aria-required=\"true\" aria-invalid=\"false\" placeholder=\"* Nom\" value=\"\" type=\"text\" name=\"cf_name\" \/><\/span>\n\t\t<\/p>\n\t<\/div>\n<\/div>\n<div class=\"required\">\n\t<div class=\"label visually-hidden\">\n\t\t<p><label for=\"cf_email_277\">Courriel *<\/label>\n\t\t<\/p>\n\t<\/div>\n\t<div class=\"field\">\n\t\t<p><span class=\"wpcf7-form-control-wrap\" data-name=\"cf_email\"><input size=\"40\" class=\"wpcf7-form-control wpcf7-text wpcf7-email wpcf7-validates-as-required wpcf7-validates-as-email\" aria-required=\"true\" aria-invalid=\"false\" placeholder=\"* Adresse courriel\" value=\"\" type=\"email\" name=\"cf_email\" \/><\/span>\n\t\t<\/p>\n\t<\/div>\n<\/div>\n<div class=\"required\">\n\t<div class=\"label visually-hidden\">\n\t\t<p><label for=\"cf_subject_277\">Sujet *<\/label>\n\t\t<\/p>\n\t<\/div>\n\t<div class=\"field\">\n\t\t<p><span class=\"wpcf7-form-control-wrap\" data-name=\"cf_subject\"><input size=\"40\" class=\"wpcf7-form-control wpcf7-text wpcf7-validates-as-required\" id=\"cf_subject_277\" aria-required=\"true\" aria-invalid=\"false\" placeholder=\"* Sujet\" value=\"\" type=\"text\" name=\"cf_subject\" \/><\/span>\n\t\t<\/p>\n\t<\/div>\n<\/div>\n<div class=\"required\">\n\t<div class=\"label visually-hidden\">\n\t\t<p><label for=\"cf_message_277\">Message *<\/label>\n\t\t<\/p>\n\t<\/div>\n\t<div class=\"field\">\n\t\t<p><span class=\"wpcf7-form-control-wrap\" data-name=\"cf_message\"><textarea cols=\"0\" rows=\"0\" class=\"wpcf7-form-control wpcf7-textarea wpcf7-validates-as-required\" id=\"cf_message_277\" aria-required=\"true\" aria-invalid=\"false\" placeholder=\"* Message\" name=\"cf_message\"><\/textarea><\/span>\n\t\t<\/p>\n\t<\/div>\n<\/div>\n<div class=\"form-button\">\n\t<p><input class=\"wpcf7-form-control has-spinner wpcf7-submit\" type=\"submit\" value=\"Soumettre\" \/>\n\t<\/p>\n<\/div><div class=\"wpcf7-response-output\" aria-hidden=\"true\"><\/div>\n<\/form>\n<\/div>\n          <\/div>\n        \n      <\/div>\n    <\/div>\n  <\/div>\n<\/div>\n\n","protected":false},"excerpt":{"rendered":"<p>Your business just got better. Be bold, stand out, and make an impact. Fuel your growth with smart marketing.<\/p>\n","protected":false},"author":1,"featured_media":0,"parent":0,"menu_order":0,"comment_status":"closed","ping_status":"open","template":"","meta":{"content-type":""},"acf":[],"_links":{"self":[{"href":"https:\/\/www.consultationj.com\/fr\/wp-json\/wp\/v2\/pages\/570"}],"collection":[{"href":"https:\/\/www.consultationj.com\/fr\/wp-json\/wp\/v2\/pages"}],"about":[{"href":"https:\/\/www.consultationj.com\/fr\/wp-json\/wp\/v2\/types\/page"}],"author":[{"embeddable":true,"href":"https:\/\/www.consultationj.com\/fr\/wp-json\/wp\/v2\/users\/1"}],"replies":[{"embeddable":true,"href":"https:\/\/www.consultationj.com\/fr\/wp-json\/wp\/v2\/comments?post=570"}],"version-history":[{"count":0,"href":"https:\/\/www.consultationj.com\/fr\/wp-json\/wp\/v2\/pages\/570\/revisions"}],"wp:attachment":[{"href":"https:\/\/www.consultationj.com\/fr\/wp-json\/wp\/v2\/media?parent=570"}],"curies":[{"name":"wp","href":"https:\/\/api.w.org\/{rel}","templated":true}]}}