{"id":571,"date":"2023-02-15T11:49:27","date_gmt":"2023-02-15T16:49:27","guid":{"rendered":"https:\/\/www.consultationj.com\/market-insights\/"},"modified":"2025-04-29T20:13:22","modified_gmt":"2025-04-30T00:13:22","slug":"market-insights","status":"publish","type":"page","link":"https:\/\/www.consultationj.com\/fr\/market-insights\/","title":{"rendered":"Market Insights"},"content":{"rendered":"\n<section class=\"row verticalPadding blockStyle fontLight bkgDefault has-background-img\" >\n      <div class=\"img-background\">\n      <div class=\"opacity\"><\/div>\n      <img decoding=\"async\" src=\"https:\/\/www.consultationj.com\/wp-content\/uploads\/2023\/01\/header_2.png\" \/>\n    <\/div>\n    <div class=\"inner-container\">\n    <div class=\"jlm-block-texts column-center\" id=\"jlm-block_16bf8e3f83e9ce618f231a5abe8f8ee2\">\n      \n            \n              <div class=\"block-texts column-center half-width row-space-small\">\n                      <div class=\"text column-center row-space-small\">\n                              <h3 class=\"title-h2\">Perspectives du march\u00e9<\/h3>\n                            \n              <div class=\"acf-wysiwyg\">\n                <p data-start=\"95\" data-end=\"650\">Restez \u00e0 l\u2019avant-garde gr\u00e2ce \u00e0 des analyses expertes, des tendances de pointe et des strat\u00e9gies concr\u00e8tes en marketing num\u00e9rique et en automatisation par l\u2019IA. <em data-start=\"255\" data-end=\"274\">Aper\u00e7us du March\u00e9<\/em> est votre ressource incontournable pour stimuler la croissance de votre entreprise, optimiser votre pr\u00e9sence en ligne et exploiter la technologie pour assurer votre succ\u00e8s. Que vous soyez un leader visionnaire ou un entrepreneur ambitieux, nos insights vous aideront \u00e0 prendre des d\u00e9cisions \u00e9clair\u00e9es et \u00e0 rester comp\u00e9titif dans un paysage num\u00e9rique en constante \u00e9volution.<\/p>\n<p data-start=\"652\" data-end=\"684\" data-is-last-node=\"\" data-is-only-node=\"\"><strong data-start=\"652\" data-end=\"684\" data-is-last-node=\"\">D\u00e9couvrez. Innovez. Dirigez.<\/strong><\/p>\n              <\/div>\n\n                          <\/div>\n                  <\/div>\n      \n    <\/div>\n  <\/div>\n<\/section>\n\n\n\n<section class=\"row verticalPadding blockStyle fontDefault bkgWhite\" id=\"anchor-listing_articles\">\n    <div class=\"inner-container\">\n    <div class=\"jlm-block-articles column-center\" id=\"jlm-block_308ea3bf074ba2e8c07389223f1c7654\">\n\n      \n              <div class=\"row mbottom  \">  \n          <div class=\"title visually-hidden\">\n            <h2>Filtres du Blogue<\/h2>\n          <\/div>\n          <div class=\"listing filters articles\" data-mobile-filters=\"hide\">\n            <form id=\"article-filters\" method=\"get\" class=\"row-wrap items-gap\" action=\"https:\/\/www.consultationj.com\/wp-admin\/admin-ajax.php?action=articles_filters\">\n  <input type=\"hidden\" name=\"lang\" value=\"fr\" \/>\n  <input type=\"hidden\" name=\"mp\" value=\"1\" \/>\n  <input type=\"hidden\" name=\"nonce\" value=\"f557c84acd\" \/>\n  <input type=\"hidden\" name=\"items\" value=\"6\" \/>\n  <input type=\"hidden\" name=\"pagination_threshold\" value=\"1\" \/>\n\n  <div class=\"filter\">\n    <label>Cat\u00e9gories<\/label>\n    <select name=\"article_categories\">\n      <option value=\"\" selected>Toutes les cat\u00e9gories<\/option>\n                <option value=\"34\" >Business FR<\/option>\n              <\/select>\n  <\/div>\n\n<\/form>\n          <\/div>\n        <\/div>\n      \n      <div class=\"listing items articles row-wrap\">\n                  <div class=\"card item-wrap column-center row-space-small\">\n              <div class=\"article-image img-container\">\n          <a href=\"https:\/\/www.consultationj.com\/fr\/article\/eduquer-pour-elever-pourquoi-enseigner-est-essentiel-pour-mieux-servir-vos-clients\/\"><img decoding=\"async\" src=\"https:\/\/www.consultationj.com\/wp-content\/uploads\/2025\/05\/ChatGPT-Image-May-30-2025-09_19_40-PM-300x300.png\" alt=\"\u00c9duquer pour \u00c9lever : Pourquoi enseigner est essentiel pour mieux servir vos clients\"><\/a>\n        <\/div>\n      \n      <h3 class=\"article-title\"><a href=\"https:\/\/www.consultationj.com\/fr\/article\/eduquer-pour-elever-pourquoi-enseigner-est-essentiel-pour-mieux-servir-vos-clients\/\" class=\"title-h3\">\u00c9duquer pour \u00c9lever : Pourquoi enseigner est essentiel pour mieux servir vos clients<\/a><\/h3>\n\n      \n      <div class=\"cta\">\n        <a href=\"https:\/\/www.consultationj.com\/fr\/article\/eduquer-pour-elever-pourquoi-enseigner-est-essentiel-pour-mieux-servir-vos-clients\/\" class=\"margin-center\" title=\"Read more about \u00c9duquer pour \u00c9lever : Pourquoi enseigner est essentiel pour mieux servir vos clients\">Lire la suite<\/a>\n      <\/div>\n\n    <\/div>\n          <div class=\"card item-wrap column-center row-space-small\">\n              <div class=\"article-image img-container\">\n          <a href=\"https:\/\/www.consultationj.com\/fr\/article\/deployer-votre-croissance-numerique-avec-consultation-j\/\"><img decoding=\"async\" src=\"https:\/\/www.consultationj.com\/wp-content\/uploads\/2025\/04\/tips-konsultan-keuangan-450x300.jpg\" alt=\"D\u00e9ployer votre croissance num\u00e9rique avec Consultation J\"><\/a>\n        <\/div>\n      \n      <h3 class=\"article-title\"><a href=\"https:\/\/www.consultationj.com\/fr\/article\/deployer-votre-croissance-numerique-avec-consultation-j\/\" class=\"title-h3\">D\u00e9ployer votre croissance num\u00e9rique avec Consultation J<\/a><\/h3>\n\n      \n      <div class=\"cta\">\n        <a href=\"https:\/\/www.consultationj.com\/fr\/article\/deployer-votre-croissance-numerique-avec-consultation-j\/\" class=\"margin-center\" title=\"Read more about D\u00e9ployer votre croissance num\u00e9rique avec Consultation J\">Lire la suite<\/a>\n      <\/div>\n\n    <\/div>\n          <div class=\"card item-wrap column-center row-space-small\">\n              <div class=\"article-image img-container\">\n          <a href=\"https:\/\/www.consultationj.com\/fr\/article\/adopter-lavenir-avec-confiance-et-productivite\/\"><img decoding=\"async\" src=\"https:\/\/www.consultationj.com\/wp-content\/uploads\/2025\/03\/DALL\u00b7E-2025-03-17-21.38.19-A-futuristic-and-optimistic-digital-landscape-featuring-a-human-and-AI-working-together-harmoniously.-The-image-showcases-a-professional-setting-where-300x300.webp\" alt=\"Adopter l\u2019Avenir avec l&rsquo;IA\"><\/a>\n        <\/div>\n      \n      <h3 class=\"article-title\"><a href=\"https:\/\/www.consultationj.com\/fr\/article\/adopter-lavenir-avec-confiance-et-productivite\/\" class=\"title-h3\">Adopter l\u2019Avenir avec l&rsquo;IA<\/a><\/h3>\n\n      \n      <div class=\"cta\">\n        <a href=\"https:\/\/www.consultationj.com\/fr\/article\/adopter-lavenir-avec-confiance-et-productivite\/\" class=\"margin-center\" title=\"Read more about Adopter l\u2019Avenir avec l&rsquo;IA\">Lire la suite<\/a>\n      <\/div>\n\n    <\/div>\n          <div class=\"card item-wrap column-center row-space-small\">\n              <div class=\"article-image img-container\">\n          <a href=\"https:\/\/www.consultationj.com\/fr\/article\/comment-lia-peut-beneficier-a-votre-entreprise-deverrouiller-le-potentiel-de-croissance\/\"><img decoding=\"async\" src=\"https:\/\/www.consultationj.com\/wp-content\/uploads\/2025\/01\/Leonardo_Lightning_XL_AI_photo_for_a_blogue_talking_about_AI_a_3-300x300.jpg\" alt=\"Comment l&rsquo;IA Peut B\u00e9n\u00e9ficier \u00e0 Votre Entreprise : D\u00e9verrouiller le Potentiel de Croissance\"><\/a>\n        <\/div>\n      \n      <h3 class=\"article-title\"><a href=\"https:\/\/www.consultationj.com\/fr\/article\/comment-lia-peut-beneficier-a-votre-entreprise-deverrouiller-le-potentiel-de-croissance\/\" class=\"title-h3\">Comment l&rsquo;IA Peut B\u00e9n\u00e9ficier \u00e0 Votre Entreprise : D\u00e9verrouiller le Potentiel de Croissance<\/a><\/h3>\n\n      \n      <div class=\"cta\">\n        <a href=\"https:\/\/www.consultationj.com\/fr\/article\/comment-lia-peut-beneficier-a-votre-entreprise-deverrouiller-le-potentiel-de-croissance\/\" class=\"margin-center\" title=\"Read more about Comment l&rsquo;IA Peut B\u00e9n\u00e9ficier \u00e0 Votre Entreprise : D\u00e9verrouiller le Potentiel de Croissance\">Lire la suite<\/a>\n      <\/div>\n\n    <\/div>\n          <\/div>\n\n              <div class=\"pagination articles column-center mtop\">\n          <ul class=\"row-wrap\" style=\"display:none\"\">\n      <li>\n      <button title=\"Go to page 1\" data-mp=\"1\" disabled type=\"button\">&lt;<\/button>\n    <\/li>\n          <li class=\"active\">\n                  <span>1<\/span>\n              <\/li>\n                <li>\n      <button title=\"Page suivante\" data-mp=\"1\" disabled type=\"button\">&gt;<\/button>\n    <\/li>\n    <\/ul>        <\/div>\n      \n    <\/div>\n  <\/div>\n<\/section>","protected":false},"excerpt":{"rendered":"","protected":false},"author":1,"featured_media":0,"parent":0,"menu_order":0,"comment_status":"closed","ping_status":"closed","template":"","meta":{"content-type":""},"acf":[],"_links":{"self":[{"href":"https:\/\/www.consultationj.com\/fr\/wp-json\/wp\/v2\/pages\/571"}],"collection":[{"href":"https:\/\/www.consultationj.com\/fr\/wp-json\/wp\/v2\/pages"}],"about":[{"href":"https:\/\/www.consultationj.com\/fr\/wp-json\/wp\/v2\/types\/page"}],"author":[{"embeddable":true,"href":"https:\/\/www.consultationj.com\/fr\/wp-json\/wp\/v2\/users\/1"}],"replies":[{"embeddable":true,"href":"https:\/\/www.consultationj.com\/fr\/wp-json\/wp\/v2\/comments?post=571"}],"version-history":[{"count":0,"href":"https:\/\/www.consultationj.com\/fr\/wp-json\/wp\/v2\/pages\/571\/revisions"}],"wp:attachment":[{"href":"https:\/\/www.consultationj.com\/fr\/wp-json\/wp\/v2\/media?parent=571"}],"curies":[{"name":"wp","href":"https:\/\/api.w.org\/{rel}","templated":true}]}}